{"id":8,"date":"2023-01-29T13:23:22","date_gmt":"2023-01-29T13:23:22","guid":{"rendered":"https:\/\/yosoytic.uchaweb1.es\/?page_id=8"},"modified":"2023-02-14T20:36:41","modified_gmt":"2023-02-14T20:36:41","slug":"nuestra-oferta","status":"publish","type":"page","link":"https:\/\/yosoytic.uchaweb1.es\/gl\/nuestra-oferta\/","title":{"rendered":"Nuestra Oferta"},"content":{"rendered":"<h1>Ciclos ordinarios:<\/h1>\n<ul>\n<li><a href=\"https:\/\/www.cifprodolfoucha.es\/informatica-e-comunicacions\/cs-administracion-de-sistemas-informaticos-en-rede\/\">Cs Administraci\u00f3n de Sistemas Inform\u00e1ticos en Rede (ASIR)<\/a><\/li>\n<li><a href=\"https:\/\/www.cifprodolfoucha.es\/informatica-e-comunicacions\/cs-desenvolvemento-de-aplicacions-multiplataforma\/\">Cs Desenvolvemento de Aplicaci\u00f3ns Multiplataforma (DAM)<\/a><\/li>\n<li><a href=\"https:\/\/www.cifprodolfoucha.es\/informatica-e-comunicacions\/cs-desenvolvemento-de-aplicacions-web\/\">Cs Desenvolvemento de Aplicaci\u00f3ns Web (DAW)<\/a><\/li>\n<li><a href=\"https:\/\/www.cifprodolfoucha.es\/informatica-e-comunicacions\/curso-de-especializacion-en-ciberseguridade-en-contornos-das-tecnoloxias-da-informacion\/\">Curso de Especializaci\u00f3n en Ciberseguridade en Contornos das Tecnolox\u00edas da Informaci\u00f3n<\/a><\/li>\n<\/ul>\n<h2>Horarios<\/h2>\n<ul>\n<li><span style=\"background-color: var(--global--color-background); color: var(--global--color-primary); font-family: var(--list--font-family); font-size: var(--global--font-size-base);\">ASIR y DAM: de ma\u00f1ana, horario\u00a0 de 8:20 a 15:00<\/span><\/li>\n<li>DAW: de tarde, horario\u00a0 de 16:00 a 22:30.<\/li>\n<li>DAW Modular <strong>a distancia<\/strong>: sin horario. Tutor\u00edas por las tardes.<\/li>\n<li>Curso de especializaci\u00f3n en Ciberseguridad (requisito CS o\u00a0 Bachillerato):<br \/>\nde noviembre a junio, de 16:00 a 22:30, <em>parte no presencial<\/em>.<\/li>\n<\/ul>\n<h2>Organizaci\u00f3n<\/h2>\n<p>&#8211; Ordinarios 1\u00ba curso 3 trimestres (como la ESO).<br \/>\n2\u00ba curso 2 trimestres de clase y uno de pr\u00e1cticas en empresa (FCT)<\/p>\n<p>&#8211; Ciclos duales:<\/p>\n<p style=\"padding-left: 40px;\">a) Todo el ciclo en modalidad dual: primer curso, 2 trimestres en el centro y uno en la empresa; en segundo, uno en el centro y dos en la empresa. Cobrando como m\u00ednimo el 50% del SMI. Hemos tenido una promoci\u00f3n de 12 personas en Navantia, 6 quedaron contratados (no indefinidos) al acabar las pr\u00e1cticas.<\/p>\n<p style=\"padding-left: 40px;\">b) Medio ciclo dual: los dos \u00faltimos trimestres del 2\u00ba curso.<br \/>\nEn el curso 22\/23 tenemos 11 personas repartidas en 4 empresas.<\/p>\n<div class=\"pvc_clear\"><\/div>\n<p class=\"pvc_stats all\" data-element-id=\"8\" style=\"\"><i class=\"pvc-stats-icon medium\" aria-hidden=\"true\"><svg aria-hidden=\"true\" focusable=\"false\" data-prefix=\"far\" data-icon=\"chart-bar\" role=\"img\" xmlns=\"http:\/\/www.w3.org\/2000\/svg\" viewbox=\"0 0 512 512\" class=\"svg-inline--fa fa-chart-bar fa-w-16 fa-2x\"><path fill=\"currentColor\" d=\"M396.8 352h22.4c6.4 0 12.8-6.4 12.8-12.8V108.8c0-6.4-6.4-12.8-12.8-12.8h-22.4c-6.4 0-12.8 6.4-12.8 12.8v230.4c0 6.4 6.4 12.8 12.8 12.8zm-192 0h22.4c6.4 0 12.8-6.4 12.8-12.8V140.8c0-6.4-6.4-12.8-12.8-12.8h-22.4c-6.4 0-12.8 6.4-12.8 12.8v198.4c0 6.4 6.4 12.8 12.8 12.8zm96 0h22.4c6.4 0 12.8-6.4 12.8-12.8V204.8c0-6.4-6.4-12.8-12.8-12.8h-22.4c-6.4 0-12.8 6.4-12.8 12.8v134.4c0 6.4 6.4 12.8 12.8 12.8zM496 400H48V80c0-8.84-7.16-16-16-16H16C7.16 64 0 71.16 0 80v336c0 17.67 14.33 32 32 32h464c8.84 0 16-7.16 16-16v-16c0-8.84-7.16-16-16-16zm-387.2-48h22.4c6.4 0 12.8-6.4 12.8-12.8v-70.4c0-6.4-6.4-12.8-12.8-12.8h-22.4c-6.4 0-12.8 6.4-12.8 12.8v70.4c0 6.4 6.4 12.8 12.8 12.8z\" class=\"\"><\/path><\/svg><\/i> &nbsp;71&nbsp;total views, &nbsp;2&nbsp;views today<\/p>\n<div class=\"pvc_clear\"><\/div>","protected":false},"excerpt":{"rendered":"<p>Ciclos ordinarios: Cs Administraci\u00f3n de Sistemas Inform\u00e1ticos en Rede (ASIR) Cs Desenvolvemento de Aplicaci\u00f3ns Multiplataforma (DAM) Cs Desenvolvemento de Aplicaci\u00f3ns Web (DAW) Curso de Especializaci\u00f3n en Ciberseguridade en Contornos das Tecnolox\u00edas da Informaci\u00f3n Horarios ASIR y DAM: de ma\u00f1ana, horario\u00a0 de 8:20 a 15:00 DAW: de tarde, horario\u00a0 de 16:00 a 22:30. DAW Modular a [&hellip;]<\/p>\n<div class=\"pvc_clear\"><\/div>\n<p class=\"pvc_stats all\" data-element-id=\"8\" style=\"\"><i class=\"pvc-stats-icon medium\" aria-hidden=\"true\"><svg aria-hidden=\"true\" focusable=\"false\" data-prefix=\"far\" data-icon=\"chart-bar\" role=\"img\" xmlns=\"http:\/\/www.w3.org\/2000\/svg\" viewbox=\"0 0 512 512\" class=\"svg-inline--fa fa-chart-bar fa-w-16 fa-2x\"><path fill=\"currentColor\" d=\"M396.8 352h22.4c6.4 0 12.8-6.4 12.8-12.8V108.8c0-6.4-6.4-12.8-12.8-12.8h-22.4c-6.4 0-12.8 6.4-12.8 12.8v230.4c0 6.4 6.4 12.8 12.8 12.8zm-192 0h22.4c6.4 0 12.8-6.4 12.8-12.8V140.8c0-6.4-6.4-12.8-12.8-12.8h-22.4c-6.4 0-12.8 6.4-12.8 12.8v198.4c0 6.4 6.4 12.8 12.8 12.8zm96 0h22.4c6.4 0 12.8-6.4 12.8-12.8V204.8c0-6.4-6.4-12.8-12.8-12.8h-22.4c-6.4 0-12.8 6.4-12.8 12.8v134.4c0 6.4 6.4 12.8 12.8 12.8zM496 400H48V80c0-8.84-7.16-16-16-16H16C7.16 64 0 71.16 0 80v336c0 17.67 14.33 32 32 32h464c8.84 0 16-7.16 16-16v-16c0-8.84-7.16-16-16-16zm-387.2-48h22.4c6.4 0 12.8-6.4 12.8-12.8v-70.4c0-6.4-6.4-12.8-12.8-12.8h-22.4c-6.4 0-12.8 6.4-12.8 12.8v70.4c0 6.4 6.4 12.8 12.8 12.8z\" class=\"\"><\/path><\/svg><\/i> &nbsp;71&nbsp;total views, &nbsp;2&nbsp;views today<\/p>\n<div class=\"pvc_clear\"><\/div>","protected":false},"author":1,"featured_media":0,"parent":0,"menu_order":0,"comment_status":"closed","ping_status":"closed","template":"","meta":{"ocean_post_layout":"","ocean_both_sidebars_style":"","ocean_both_sidebars_content_width":0,"ocean_both_sidebars_sidebars_width":0,"ocean_sidebar":"","ocean_second_sidebar":"","ocean_disable_margins":"enable","ocean_add_body_class":"","ocean_shortcode_before_top_bar":"","ocean_shortcode_after_top_bar":"","ocean_shortcode_before_header":"","ocean_shortcode_after_header":"","ocean_has_shortcode":"","ocean_shortcode_after_title":"","ocean_shortcode_before_footer_widgets":"","ocean_shortcode_after_footer_widgets":"","ocean_shortcode_before_footer_bottom":"","ocean_shortcode_after_footer_bottom":"","ocean_display_top_bar":"default","ocean_display_header":"default","ocean_header_style":"","ocean_center_header_left_menu":"","ocean_custom_header_template":"","ocean_custom_logo":0,"ocean_custom_retina_logo":0,"ocean_custom_logo_max_width":0,"ocean_custom_logo_tablet_max_width":0,"ocean_custom_logo_mobile_max_width":0,"ocean_custom_logo_max_height":0,"ocean_custom_logo_tablet_max_height":0,"ocean_custom_logo_mobile_max_height":0,"ocean_header_custom_menu":"","ocean_menu_typo_font_family":"","ocean_menu_typo_font_subset":"","ocean_menu_typo_font_size":0,"ocean_menu_typo_font_size_tablet":0,"ocean_menu_typo_font_size_mobile":0,"ocean_menu_typo_font_size_unit":"px","ocean_menu_typo_font_weight":"","ocean_menu_typo_font_weight_tablet":"","ocean_menu_typo_font_weight_mobile":"","ocean_menu_typo_transform":"","ocean_menu_typo_transform_tablet":"","ocean_menu_typo_transform_mobile":"","ocean_menu_typo_line_height":0,"ocean_menu_typo_line_height_tablet":0,"ocean_menu_typo_line_height_mobile":0,"ocean_menu_typo_line_height_unit":"","ocean_menu_typo_spacing":0,"ocean_menu_typo_spacing_tablet":0,"ocean_menu_typo_spacing_mobile":0,"ocean_menu_typo_spacing_unit":"","ocean_menu_link_color":"","ocean_menu_link_color_hover":"","ocean_menu_link_color_active":"","ocean_menu_link_background":"","ocean_menu_link_hover_background":"","ocean_menu_link_active_background":"","ocean_menu_social_links_bg":"","ocean_menu_social_hover_links_bg":"","ocean_menu_social_links_color":"","ocean_menu_social_hover_links_color":"","ocean_disable_title":"default","ocean_disable_heading":"default","ocean_post_title":"","ocean_post_subheading":"","ocean_post_title_style":"","ocean_post_title_background_color":"","ocean_post_title_background":0,"ocean_post_title_bg_image_position":"","ocean_post_title_bg_image_attachment":"","ocean_post_title_bg_image_repeat":"","ocean_post_title_bg_image_size":"","ocean_post_title_height":0,"ocean_post_title_bg_overlay":0.5,"ocean_post_title_bg_overlay_color":"","ocean_disable_breadcrumbs":"default","ocean_breadcrumbs_color":"","ocean_breadcrumbs_separator_color":"","ocean_breadcrumbs_links_color":"","ocean_breadcrumbs_links_hover_color":"","ocean_display_footer_widgets":"default","ocean_display_footer_bottom":"default","ocean_custom_footer_template":"","footnotes":""},"class_list":["post-8","page","type-page","status-publish","hentry","entry"],"_links":{"self":[{"href":"https:\/\/yosoytic.uchaweb1.es\/gl\/wp-json\/wp\/v2\/pages\/8","targetHints":{"allow":["GET"]}}],"collection":[{"href":"https:\/\/yosoytic.uchaweb1.es\/gl\/wp-json\/wp\/v2\/pages"}],"about":[{"href":"https:\/\/yosoytic.uchaweb1.es\/gl\/wp-json\/wp\/v2\/types\/page"}],"author":[{"embeddable":true,"href":"https:\/\/yosoytic.uchaweb1.es\/gl\/wp-json\/wp\/v2\/users\/1"}],"replies":[{"embeddable":true,"href":"https:\/\/yosoytic.uchaweb1.es\/gl\/wp-json\/wp\/v2\/comments?post=8"}],"version-history":[{"count":8,"href":"https:\/\/yosoytic.uchaweb1.es\/gl\/wp-json\/wp\/v2\/pages\/8\/revisions"}],"predecessor-version":[{"id":68,"href":"https:\/\/yosoytic.uchaweb1.es\/gl\/wp-json\/wp\/v2\/pages\/8\/revisions\/68"}],"wp:attachment":[{"href":"https:\/\/yosoytic.uchaweb1.es\/gl\/wp-json\/wp\/v2\/media?parent=8"}],"curies":[{"name":"wp","href":"https:\/\/api.w.org\/{rel}","templated":true}]}}