{"id":16,"date":"2023-01-29T13:51:01","date_gmt":"2023-01-29T13:51:01","guid":{"rendered":"https:\/\/yosoytic.uchaweb1.es\/?page_id=16"},"modified":"2024-01-12T07:48:55","modified_gmt":"2024-01-12T07:48:55","slug":"las-empresas","status":"publish","type":"page","link":"https:\/\/yosoytic.uchaweb1.es\/gl\/las-empresas\/","title":{"rendered":"Las empresas"},"content":{"rendered":"<p>Aqu\u00ed figuran las empresas que han acogido alumnos en los \u00faltimos a\u00f1os. La mayor\u00eda (especialmente las grandes tecnol\u00f3gicas) ofrecen hacer las pr\u00e1cticas en remoto o semi-presencial, con lo que no hay que desplazarse alli cada d\u00eda.<\/p>\n<ul>\n<li><a href=\"https:\/\/gtartabria.es\/index.php\/es\/\">Grupo Tecnol\u00f3gico Artabria<\/a> (Ferrol)<\/li>\n<li><a href=\"https:\/\/www.3.14financialcontents.com\/\">3.14 Financial Contents<\/a> (Ferrol)<\/li>\n<li><a href=\"https:\/\/www.vernegroup.com\/\">Grupo Verne<\/a> (Coru\u00f1a)<\/li>\n<li><a href=\"https:\/\/www.plexus.es\/\">Plexus<\/a> (Santiago, Coru\u00f1a)<\/li>\n<li><a href=\"https:\/\/www.indracompany.com\/\">Indra (Coru\u00f1a)<\/a><\/li>\n<li><a href=\"https:\/\/www.netexlearning.com\/\">Netex Learning<\/a> (Oleiros)<\/li>\n<li><a href=\"https:\/\/www.gtmotive.com\/\">GTMotive<\/a> (Pontedeume)<\/li>\n<li><a href=\"https:\/\/www.telegal.com\/\">Telem\u00e1tica Galicia<\/a> (Nar\u00f3n)<\/li>\n<li><a href=\"https:\/\/michollo.com\/\">Michollo.com<\/a> (Ferrol)<\/li>\n<li><a href=\"http:\/\/landrasistemas.es\/\">Landra Sistemas<\/a> (Nar\u00f3n)<\/li>\n<li><a href=\"https:\/\/www.2ksystems.com\/\">2KSystems<\/a> (Ferrol)<\/li>\n<li><a href=\"https:\/\/www.imatia.com\/\">Imatia<\/a> (Vigo)<\/li>\n<li><a href=\"https:\/\/www.altia.es\/es\/altia\">Altia<\/a> (Oleiros)<\/li>\n<li><a href=\"https:\/\/stgo.es\/\">STGO Dise\u00f1o y Multimedia<\/a> (Ferrol)<\/li>\n<li><a href=\"https:\/\/www.suez.com\/es\/aire-espana\/monitoring-and-modeling\">SUEZ Air Monitoring &amp; Modelling<\/a> (Ferrol)<\/li>\n<li><a href=\"https:\/\/hyliacom.es\/\">Hyliacom<\/a> (Nar\u00f3n)<\/li>\n<li>Navantia (Ferrol, Fene)<\/li>\n<li>Hospital Arquitecto Marcide &#8211; Hospital Naval (Ferrol)<\/li>\n<li><a href=\"https:\/\/www.grupo-tt.com\/es\/\">TAT Transportes Almacenes Transitarios<\/a> (Nar\u00f3n)<\/li>\n<li><a href=\"https:\/\/digalco.com\/\">DIGALCO<\/a> (Bergondo)<\/li>\n<li><a href=\"https:\/\/exponav.org\/\">EXPONAV<\/a> (Ferrol)<\/li>\n<li><a href=\"https:\/\/www.einsa.com\/\">EINSA Print<\/a> (As Pontes)<\/li>\n<li><a href=\"https:\/\/serviciomovil.com\/\">Servicio M\u00f3vil<\/a> (As Pontes)<\/li>\n<li>Pull &amp; Bear (Pol. R\u00edo do Pozo, Nar\u00f3n)<\/li>\n<li><a href=\"https:\/\/www.cistecnoloxiaedeseno.gal\/es\/\">CIS Tecnolox\u00eda e Dese\u00f1o<\/a> (Ferrol)<\/li>\n<li>Pcbox (Ferrol)<\/li>\n<li><a href=\"https:\/\/www.starelectrodomesticos.es\/\">Star Center<\/a> (Naron)<\/li>\n<li><a href=\"https:\/\/arvisistemas.com\/\">Arvi Sistemas<\/a> (Nar\u00f3n)<\/li>\n<li>Andersoft (Fene)<\/li>\n<li>AIC Inform\u00e1tica (Ferrol)<\/li>\n<li><a href=\"https:\/\/www.artemisainformatica.com\/\">Artemisa Sistemas Inform\u00e1ticos<\/a> (Ferrol)<\/li>\n<li><a href=\"https:\/\/errorferrol.es\/\">Error Ferrol<\/a> (Ferrol)<\/li>\n<li><a href=\"https:\/\/www.hackerinformatica.es\/\">Hacker SAT<\/a> (Ferrol)<\/li>\n<li><a href=\"https:\/\/www.sinderya.com\/\">Sinderya<\/a> (Fene)<\/li>\n<li>Concello de Ferrol<\/li>\n<li>Concello de Nar\u00f3n<\/li>\n<li>Concello de Neda<\/li>\n<li>Concello de Ares<\/li>\n<li>Concello de Mugardos<\/li>\n<\/ul>\n<h2>Como son las empresas TIC<\/h2>\n<p class=\"responsive-video-wrap clr\"><iframe loading=\"lazy\" title=\"We are Netex\" width=\"1200\" height=\"675\" src=\"https:\/\/www.youtube.com\/embed\/cYrNqyS_Me4?feature=oembed\" frameborder=\"0\" allow=\"accelerometer; autoplay; clipboard-write; encrypted-media; gyroscope; picture-in-picture; web-share\" referrerpolicy=\"strict-origin-when-cross-origin\" allowfullscreen><\/iframe><\/p>\n<h2>Los equipos de trabajo<\/h2>\n<ul>\n<li><a href=\"https:\/\/hyliacom.es\/quienes-somos\/\">Hyliacom<\/a><\/li>\n<li><a href=\"https:\/\/dinahosting.com\/somos-dinahosting\">Dinahosting<\/a><\/li>\n<\/ul>\n<p>&nbsp;<\/p>\n<div class=\"pvc_clear\"><\/div>\n<p class=\"pvc_stats all\" data-element-id=\"16\" style=\"\"><i class=\"pvc-stats-icon medium\" aria-hidden=\"true\"><svg aria-hidden=\"true\" focusable=\"false\" data-prefix=\"far\" data-icon=\"chart-bar\" role=\"img\" xmlns=\"http:\/\/www.w3.org\/2000\/svg\" viewbox=\"0 0 512 512\" class=\"svg-inline--fa fa-chart-bar fa-w-16 fa-2x\"><path fill=\"currentColor\" d=\"M396.8 352h22.4c6.4 0 12.8-6.4 12.8-12.8V108.8c0-6.4-6.4-12.8-12.8-12.8h-22.4c-6.4 0-12.8 6.4-12.8 12.8v230.4c0 6.4 6.4 12.8 12.8 12.8zm-192 0h22.4c6.4 0 12.8-6.4 12.8-12.8V140.8c0-6.4-6.4-12.8-12.8-12.8h-22.4c-6.4 0-12.8 6.4-12.8 12.8v198.4c0 6.4 6.4 12.8 12.8 12.8zm96 0h22.4c6.4 0 12.8-6.4 12.8-12.8V204.8c0-6.4-6.4-12.8-12.8-12.8h-22.4c-6.4 0-12.8 6.4-12.8 12.8v134.4c0 6.4 6.4 12.8 12.8 12.8zM496 400H48V80c0-8.84-7.16-16-16-16H16C7.16 64 0 71.16 0 80v336c0 17.67 14.33 32 32 32h464c8.84 0 16-7.16 16-16v-16c0-8.84-7.16-16-16-16zm-387.2-48h22.4c6.4 0 12.8-6.4 12.8-12.8v-70.4c0-6.4-6.4-12.8-12.8-12.8h-22.4c-6.4 0-12.8 6.4-12.8 12.8v70.4c0 6.4 6.4 12.8 12.8 12.8z\" class=\"\"><\/path><\/svg><\/i> &nbsp;104&nbsp;total views, &nbsp;2&nbsp;views today<\/p>\n<div class=\"pvc_clear\"><\/div>","protected":false},"excerpt":{"rendered":"<p>Aqu\u00ed figuran las empresas que han acogido alumnos en los \u00faltimos a\u00f1os. La mayor\u00eda (especialmente las grandes tecnol\u00f3gicas) ofrecen hacer las pr\u00e1cticas en remoto o semi-presencial, con lo que no hay que desplazarse alli cada d\u00eda. Grupo Tecnol\u00f3gico Artabria (Ferrol) 3.14 Financial Contents (Ferrol) Grupo Verne (Coru\u00f1a) Plexus (Santiago, Coru\u00f1a) Indra (Coru\u00f1a) Netex Learning (Oleiros) [&hellip;]<\/p>\n<div class=\"pvc_clear\"><\/div>\n<p class=\"pvc_stats all\" data-element-id=\"16\" style=\"\"><i class=\"pvc-stats-icon medium\" aria-hidden=\"true\"><svg aria-hidden=\"true\" focusable=\"false\" data-prefix=\"far\" data-icon=\"chart-bar\" role=\"img\" xmlns=\"http:\/\/www.w3.org\/2000\/svg\" viewbox=\"0 0 512 512\" class=\"svg-inline--fa fa-chart-bar fa-w-16 fa-2x\"><path fill=\"currentColor\" d=\"M396.8 352h22.4c6.4 0 12.8-6.4 12.8-12.8V108.8c0-6.4-6.4-12.8-12.8-12.8h-22.4c-6.4 0-12.8 6.4-12.8 12.8v230.4c0 6.4 6.4 12.8 12.8 12.8zm-192 0h22.4c6.4 0 12.8-6.4 12.8-12.8V140.8c0-6.4-6.4-12.8-12.8-12.8h-22.4c-6.4 0-12.8 6.4-12.8 12.8v198.4c0 6.4 6.4 12.8 12.8 12.8zm96 0h22.4c6.4 0 12.8-6.4 12.8-12.8V204.8c0-6.4-6.4-12.8-12.8-12.8h-22.4c-6.4 0-12.8 6.4-12.8 12.8v134.4c0 6.4 6.4 12.8 12.8 12.8zM496 400H48V80c0-8.84-7.16-16-16-16H16C7.16 64 0 71.16 0 80v336c0 17.67 14.33 32 32 32h464c8.84 0 16-7.16 16-16v-16c0-8.84-7.16-16-16-16zm-387.2-48h22.4c6.4 0 12.8-6.4 12.8-12.8v-70.4c0-6.4-6.4-12.8-12.8-12.8h-22.4c-6.4 0-12.8 6.4-12.8 12.8v70.4c0 6.4 6.4 12.8 12.8 12.8z\" class=\"\"><\/path><\/svg><\/i> &nbsp;104&nbsp;total views, &nbsp;2&nbsp;views today<\/p>\n<div class=\"pvc_clear\"><\/div>","protected":false},"author":1,"featured_media":0,"parent":0,"menu_order":0,"comment_status":"closed","ping_status":"closed","template":"","meta":{"ocean_post_layout":"","ocean_both_sidebars_style":"","ocean_both_sidebars_content_width":0,"ocean_both_sidebars_sidebars_width":0,"ocean_sidebar":"","ocean_second_sidebar":"","ocean_disable_margins":"enable","ocean_add_body_class":"","ocean_shortcode_before_top_bar":"","ocean_shortcode_after_top_bar":"","ocean_shortcode_before_header":"","ocean_shortcode_after_header":"","ocean_has_shortcode":"","ocean_shortcode_after_title":"","ocean_shortcode_before_footer_widgets":"","ocean_shortcode_after_footer_widgets":"","ocean_shortcode_before_footer_bottom":"","ocean_shortcode_after_footer_bottom":"","ocean_display_top_bar":"default","ocean_display_header":"default","ocean_header_style":"","ocean_center_header_left_menu":"","ocean_custom_header_template":"","ocean_custom_logo":0,"ocean_custom_retina_logo":0,"ocean_custom_logo_max_width":0,"ocean_custom_logo_tablet_max_width":0,"ocean_custom_logo_mobile_max_width":0,"ocean_custom_logo_max_height":0,"ocean_custom_logo_tablet_max_height":0,"ocean_custom_logo_mobile_max_height":0,"ocean_header_custom_menu":"","ocean_menu_typo_font_family":"","ocean_menu_typo_font_subset":"","ocean_menu_typo_font_size":0,"ocean_menu_typo_font_size_tablet":0,"ocean_menu_typo_font_size_mobile":0,"ocean_menu_typo_font_size_unit":"px","ocean_menu_typo_font_weight":"","ocean_menu_typo_font_weight_tablet":"","ocean_menu_typo_font_weight_mobile":"","ocean_menu_typo_transform":"","ocean_menu_typo_transform_tablet":"","ocean_menu_typo_transform_mobile":"","ocean_menu_typo_line_height":0,"ocean_menu_typo_line_height_tablet":0,"ocean_menu_typo_line_height_mobile":0,"ocean_menu_typo_line_height_unit":"","ocean_menu_typo_spacing":0,"ocean_menu_typo_spacing_tablet":0,"ocean_menu_typo_spacing_mobile":0,"ocean_menu_typo_spacing_unit":"","ocean_menu_link_color":"","ocean_menu_link_color_hover":"","ocean_menu_link_color_active":"","ocean_menu_link_background":"","ocean_menu_link_hover_background":"","ocean_menu_link_active_background":"","ocean_menu_social_links_bg":"","ocean_menu_social_hover_links_bg":"","ocean_menu_social_links_color":"","ocean_menu_social_hover_links_color":"","ocean_disable_title":"default","ocean_disable_heading":"default","ocean_post_title":"","ocean_post_subheading":"","ocean_post_title_style":"","ocean_post_title_background_color":"","ocean_post_title_background":0,"ocean_post_title_bg_image_position":"","ocean_post_title_bg_image_attachment":"","ocean_post_title_bg_image_repeat":"","ocean_post_title_bg_image_size":"","ocean_post_title_height":0,"ocean_post_title_bg_overlay":0.5,"ocean_post_title_bg_overlay_color":"","ocean_disable_breadcrumbs":"default","ocean_breadcrumbs_color":"","ocean_breadcrumbs_separator_color":"","ocean_breadcrumbs_links_color":"","ocean_breadcrumbs_links_hover_color":"","ocean_display_footer_widgets":"default","ocean_display_footer_bottom":"default","ocean_custom_footer_template":"","footnotes":""},"class_list":["post-16","page","type-page","status-publish","hentry","entry"],"_links":{"self":[{"href":"https:\/\/yosoytic.uchaweb1.es\/gl\/wp-json\/wp\/v2\/pages\/16","targetHints":{"allow":["GET"]}}],"collection":[{"href":"https:\/\/yosoytic.uchaweb1.es\/gl\/wp-json\/wp\/v2\/pages"}],"about":[{"href":"https:\/\/yosoytic.uchaweb1.es\/gl\/wp-json\/wp\/v2\/types\/page"}],"author":[{"embeddable":true,"href":"https:\/\/yosoytic.uchaweb1.es\/gl\/wp-json\/wp\/v2\/users\/1"}],"replies":[{"embeddable":true,"href":"https:\/\/yosoytic.uchaweb1.es\/gl\/wp-json\/wp\/v2\/comments?post=16"}],"version-history":[{"count":18,"href":"https:\/\/yosoytic.uchaweb1.es\/gl\/wp-json\/wp\/v2\/pages\/16\/revisions"}],"predecessor-version":[{"id":152,"href":"https:\/\/yosoytic.uchaweb1.es\/gl\/wp-json\/wp\/v2\/pages\/16\/revisions\/152"}],"wp:attachment":[{"href":"https:\/\/yosoytic.uchaweb1.es\/gl\/wp-json\/wp\/v2\/media?parent=16"}],"curies":[{"name":"wp","href":"https:\/\/api.w.org\/{rel}","templated":true}]}}